{"id":20,"date":"2025-07-25T15:54:06","date_gmt":"2025-07-25T13:54:06","guid":{"rendered":"https:\/\/inscriptions-tiel.com\/?page_id=20"},"modified":"2025-10-20T13:47:27","modified_gmt":"2025-10-20T11:47:27","slug":"services","status":"publish","type":"page","link":"https:\/\/inscriptions-tiel.com\/index.php\/services\/","title":{"rendered":"Services"},"content":{"rendered":"\n<div class=\"wp-block-cover alignfull\" style=\"margin-top:0;margin-bottom:0;padding-top:0px;padding-bottom:80px;min-height:300px;aspect-ratio:unset;\"><img loading=\"lazy\" decoding=\"async\" width=\"1024\" height=\"682\" class=\"wp-block-cover__image-background wp-image-140 size-large\" alt=\"\" src=\"https:\/\/inscriptions-tiel.com\/wp-content\/uploads\/2025\/08\/pexels-pixabay-415261-1024x682.jpg\" data-object-fit=\"cover\" srcset=\"https:\/\/inscriptions-tiel.com\/wp-content\/uploads\/2025\/08\/pexels-pixabay-415261-1024x682.jpg 1024w, https:\/\/inscriptions-tiel.com\/wp-content\/uploads\/2025\/08\/pexels-pixabay-415261-300x200.jpg 300w, https:\/\/inscriptions-tiel.com\/wp-content\/uploads\/2025\/08\/pexels-pixabay-415261-768x512.jpg 768w, https:\/\/inscriptions-tiel.com\/wp-content\/uploads\/2025\/08\/pexels-pixabay-415261-1536x1024.jpg 1536w, https:\/\/inscriptions-tiel.com\/wp-content\/uploads\/2025\/08\/pexels-pixabay-415261.jpg 1919w\" sizes=\"auto, (max-width: 1024px) 100vw, 1024px\" \/><span aria-hidden=\"true\" class=\"wp-block-cover__background has-background-dim-60 has-background-dim\"><\/span><div class=\"wp-block-cover__inner-container has-global-padding is-layout-constrained wp-container-core-cover-is-layout-d4c6b484 wp-block-cover-is-layout-constrained\">\n<h1 class=\"wp-block-heading alignwide has-text-align-center has-text-color has-link-color has-suranna-font-family wp-elements-079530399348043fec5dc08bdbab7fd8\" style=\"color:#ffffff;font-size:clamp(38.682px, 2.418rem + ((1vw - 3.2px) * 3.786), 72px);font-style:normal;font-weight:500\">Services<\/h1>\n<\/div><\/div>\n\n\n\n<div class=\"wp-block-group alignfull has-global-padding is-layout-constrained wp-container-core-group-is-layout-4383d167 wp-block-group-is-layout-constrained\">\n<div class=\"wp-block-group alignwide has-global-padding is-layout-constrained wp-container-core-group-is-layout-1be1424c wp-block-group-is-layout-constrained\" style=\"margin-top:0;margin-bottom:0;padding-bottom:100px\">\n<div class=\"wp-block-columns is-layout-flex wp-container-core-columns-is-layout-92515837 wp-block-columns-is-layout-flex\">\n<div class=\"wp-block-column is-layout-flow wp-block-column-is-layout-flow\">\n<figure class=\"wp-block-image alignleft size-full\"><img loading=\"lazy\" decoding=\"async\" width=\"932\" height=\"487\" src=\"https:\/\/inscriptions-tiel.com\/wp-content\/uploads\/2025\/08\/Capture-decran-2025-08-21-161837.png\" alt=\"\" class=\"wp-image-143\" style=\"aspect-ratio:1;object-fit:cover\" srcset=\"https:\/\/inscriptions-tiel.com\/wp-content\/uploads\/2025\/08\/Capture-decran-2025-08-21-161837.png 932w, https:\/\/inscriptions-tiel.com\/wp-content\/uploads\/2025\/08\/Capture-decran-2025-08-21-161837-300x157.png 300w, https:\/\/inscriptions-tiel.com\/wp-content\/uploads\/2025\/08\/Capture-decran-2025-08-21-161837-768x401.png 768w\" sizes=\"auto, (max-width: 932px) 100vw, 932px\" \/><\/figure>\n<\/div>\n\n\n\n<div class=\"wp-block-column is-vertically-aligned-center has-global-padding is-content-justification-left is-layout-constrained wp-container-core-column-is-layout-12dd3699 wp-block-column-is-layout-constrained\">\n<h3 class=\"wp-block-heading has-text-align-left has-text-color has-suranna-font-family\" style=\"color:#0096d6;margin-top:0.5rem;margin-bottom:0rem;font-size:clamp(24.034px, 1.502rem + ((1vw - 3.2px) * 1.814), 40px);font-style:normal;font-weight:500;letter-spacing:0px;line-height:1.3\">Pr\u00e9sentation de TIEL<\/h3>\n\n\n\n<hr class=\"wp-block-separator has-alpha-channel-opacity\"\/>\n\n\n\n<p><\/p>\n\n\n\n<p class=\"has-text-color has-link-color has-pontano-sans-font-family wp-elements-9d6c9163cd7f1ce3e8c6fc6b6d3e0bd8\" style=\"color:#000000;font-size:clamp(14px, 0.875rem + ((1vw - 3.2px) * 0.455), 18px);\">TIEL est la plateforme d\u2019inscription en ligne propos\u00e9e et g\u00e9r\u00e9e par Triathlon \u00c9v\u00e8nements (TEVE), soci\u00e9t\u00e9 commerciale partenaire de la F\u00e9d\u00e9ration Fran\u00e7aise de Triathlon. <\/p>\n\n\n\n<p class=\"has-text-color has-link-color has-pontano-sans-font-family wp-elements-2672f14a2afc0b82688e1492a99ba3f0\" style=\"color:#000000;font-size:clamp(14px, 0.875rem + ((1vw - 3.2px) * 0.455), 18px);\">Le syst\u00e8me TIEL a \u00e9t\u00e9 con\u00e7u pour simplifier et automatiser le processus d\u2019inscription aux courses pour les organisateurs et les participants.<\/p>\n\n\n\n<p>Nous accompagnons des \u00e9preuves de diff\u00e9rentes disciplines, avec une majorit\u00e9 de triathlons (affili\u00e9s et non affili\u00e9s), mais aussi des courses \u00e0 pied, trails et autres \u00e9v\u00e9nements sportifs.<\/p>\n\n\n\n<p><\/p>\n<\/div>\n<\/div>\n<\/div>\n<\/div>\n\n\n\n<div class=\"wp-block-group alignfull has-global-padding is-layout-constrained wp-container-core-group-is-layout-4383d167 wp-block-group-is-layout-constrained\">\n<div class=\"wp-block-group alignwide has-global-padding is-layout-constrained wp-container-core-group-is-layout-1be1424c wp-block-group-is-layout-constrained\" style=\"margin-top:0;margin-bottom:0;padding-bottom:100px\">\n<div class=\"wp-block-columns is-layout-flex wp-container-core-columns-is-layout-92515837 wp-block-columns-is-layout-flex\">\n<div class=\"wp-block-column is-vertically-aligned-center has-global-padding is-content-justification-left is-layout-constrained wp-container-core-column-is-layout-12dd3699 wp-block-column-is-layout-constrained\">\n<h3 class=\"wp-block-heading has-text-align-left has-text-color has-suranna-font-family\" style=\"color:#0096d6;margin-top:0.5rem;margin-bottom:0rem;font-size:clamp(24.034px, 1.502rem + ((1vw - 3.2px) * 1.814), 40px);font-style:normal;font-weight:500;letter-spacing:0px;line-height:1.3\">Gestion \u00c9v\u00e9nements<\/h3>\n\n\n\n<hr class=\"wp-block-separator has-alpha-channel-opacity\"\/>\n\n\n\n<p class=\"has-text-color has-link-color has-pontano-sans-font-family wp-elements-8dea7a73e0fbb1798d3e2ec376f8809b\" style=\"color:#000000;font-size:clamp(14px, 0.875rem + ((1vw - 3.2px) * 0.455), 18px);\">Notre service de gestion d&rsquo;\u00e9v\u00e9nements simplifie tout pour vous ! Cr\u00e9ez, g\u00e9rez et personnalisez vos comp\u00e9titions de triathlon en quelques clics, tout en offrant une exp\u00e9rience inoubliable aux participants.<\/p>\n\n\n\n<p class=\"has-text-color has-link-color has-pontano-sans-font-family wp-elements-ab6b45ae6ec1746aac6c45b516bb23d6\" style=\"color:#000000;font-size:clamp(14px, 0.875rem + ((1vw - 3.2px) * 0.455), 18px);\">Avec notre plateforme, vous pouvez facilement suivre les inscriptions, g\u00e9rer les paiements et organiser les d\u00e9tails logistiques. Plus besoin de stress, concentrez-vous sur l\u2019essentiel : faire briller votre \u00e9v\u00e9nement et satisfaire vos participants !<\/p>\n\n\n\n<p class=\"has-text-color has-link-color has-pontano-sans-font-family wp-elements-37b6ec26565821f3ff16a128aa3a4367\" style=\"color:#000000;font-size:clamp(14px, 0.875rem + ((1vw - 3.2px) * 0.455), 18px);\">Nous offrons des outils d\u2019analyse puissants pour \u00e9valuer les performances de votre \u00e9v\u00e9nement. Suivez les tendances, ajustez vos strat\u00e9gies et assurez-vous que chaque triathlon soit encore meilleur que le pr\u00e9c\u00e9dent. Votre succ\u00e8s est notre mission !<\/p>\n\n\n\n<p class=\"has-text-color has-link-color has-pontano-sans-font-family wp-elements-170ba72b5064b7fd79e13b1609fa0281\" style=\"color:#000000;font-size:clamp(14px, 0.875rem + ((1vw - 3.2px) * 0.455), 18px);\">Notre \u00e9quipe d\u00e9di\u00e9e est l\u00e0 pour vous soutenir \u00e0 chaque \u00e9tape. Que ce soit pour des conseils ou une assistance technique, nous sommes \u00e0 votre \u00e9coute pour vous aider \u00e0 r\u00e9aliser un \u00e9v\u00e9nement m\u00e9morable et sans accroc.<\/p>\n\n\n\n<p class=\"has-text-color has-link-color has-pontano-sans-font-family wp-elements-197718cf5ac8fc1eb10087eaed31e01b\" style=\"color:#000000;font-size:clamp(14px, 0.875rem + ((1vw - 3.2px) * 0.455), 18px);\">Rejoignez notre communaut\u00e9 d\u02bcorganisateurs de triathlons qui ont d\u00e9j\u00e0 transform\u00e9 leur exp\u00e9rience d\u02bcinscription. Ensemble, faisons de chaque \u00e9v\u00e9nement un moment exceptionnel pour tous, des coureurs aux spectateurs. Inscrivez-vous aujourd\u2019hui !<\/p>\n\n\n\n<div class=\"wp-block-buttons is-horizontal is-content-justification-left is-layout-flex wp-container-core-buttons-is-layout-324fa30b wp-block-buttons-is-layout-flex\" style=\"margin-top:20px\">\n<div class=\"wp-block-button has-custom-width wp-block-button__width-50 is-style-fill\"><a class=\"wp-block-button__link has-text-color has-background has-pontano-sans-font-family has-custom-font-size wp-element-button\" href=\"https:\/\/registrations.inscriptions-tiel.com\/auth\/register\" style=\"border-style:none;border-width:0px;border-radius:0rem;color:#fffffd;background-color:#0096d6;padding-top:0.71rem;padding-right:0.31rem;padding-bottom:0.71rem;padding-left:0.31rem;font-size:clamp(0.875rem, 0.875rem + ((1vw - 0.2rem) * 0.245), 1.01rem);font-style:normal;font-weight:600;letter-spacing:1px;line-height:1.5;text-transform:uppercase\" target=\"_blank\" rel=\"noreferrer noopener\">D\u00e9marrez Maintenant<\/a><\/div>\n<\/div>\n<\/div>\n\n\n\n<div class=\"wp-block-column is-layout-flow wp-block-column-is-layout-flow\">\n<figure class=\"wp-block-image alignright size-full\"><img loading=\"lazy\" decoding=\"async\" width=\"1706\" height=\"2560\" src=\"http:\/\/inscriptions-tiel.com\/wp-content\/uploads\/2025\/07\/markus-spiske-XcvocqxlQ-A-unsplash-scaled.jpg\" alt=\"\" class=\"wp-image-31\" style=\"aspect-ratio:2\/3;object-fit:cover\" srcset=\"https:\/\/inscriptions-tiel.com\/wp-content\/uploads\/2025\/07\/markus-spiske-XcvocqxlQ-A-unsplash-scaled.jpg 1706w, https:\/\/inscriptions-tiel.com\/wp-content\/uploads\/2025\/07\/markus-spiske-XcvocqxlQ-A-unsplash-200x300.jpg 200w, https:\/\/inscriptions-tiel.com\/wp-content\/uploads\/2025\/07\/markus-spiske-XcvocqxlQ-A-unsplash-683x1024.jpg 683w, https:\/\/inscriptions-tiel.com\/wp-content\/uploads\/2025\/07\/markus-spiske-XcvocqxlQ-A-unsplash-768x1152.jpg 768w, https:\/\/inscriptions-tiel.com\/wp-content\/uploads\/2025\/07\/markus-spiske-XcvocqxlQ-A-unsplash-1024x1536.jpg 1024w, https:\/\/inscriptions-tiel.com\/wp-content\/uploads\/2025\/07\/markus-spiske-XcvocqxlQ-A-unsplash-1365x2048.jpg 1365w\" sizes=\"auto, (max-width: 1706px) 100vw, 1706px\" \/><\/figure>\n<\/div>\n<\/div>\n<\/div>\n<\/div>\n\n\n\n<div class=\"wp-block-cover alignfull is-light\" style=\"margin-top:var(--wp--preset--spacing--20);margin-bottom:var(--wp--preset--spacing--20);padding-top:0px;padding-bottom:8px;padding-left:0;min-height:300px;aspect-ratio:unset;\"><span aria-hidden=\"true\" class=\"wp-block-cover__background has-background-dim-60 has-background-dim\" style=\"background-color:#ffd52f\"><\/span><div class=\"wp-block-cover__inner-container has-global-padding is-layout-constrained wp-container-core-cover-is-layout-8f23db23 wp-block-cover-is-layout-constrained\">\n<div class=\"wp-block-group has-global-padding is-layout-constrained wp-container-core-group-is-layout-cdc57d7c wp-block-group-is-layout-constrained\" style=\"padding-top:4rem;padding-right:20px;padding-bottom:4rem;padding-left:20px\">\n<div class=\"wp-block-columns is-not-stacked-on-mobile is-layout-flex wp-container-core-columns-is-layout-713970fd wp-block-columns-is-layout-flex\">\n<div class=\"wp-block-column has-global-padding is-layout-constrained wp-container-core-column-is-layout-c6e25a76 wp-block-column-is-layout-constrained\" style=\"border-right-color:#1e293b;border-right-width:1px;padding-right:1rem;padding-left:1rem\">\n<figure class=\"wp-block-image aligncenter size-full is-resized\"><img loading=\"lazy\" decoding=\"async\" width=\"327\" height=\"307\" src=\"https:\/\/inscriptions-tiel.com\/wp-content\/uploads\/2025\/08\/Adobe-Express-file-1.png\" alt=\"\" class=\"wp-image-130\" style=\"width:74px\" srcset=\"https:\/\/inscriptions-tiel.com\/wp-content\/uploads\/2025\/08\/Adobe-Express-file-1.png 327w, https:\/\/inscriptions-tiel.com\/wp-content\/uploads\/2025\/08\/Adobe-Express-file-1-300x282.png 300w\" sizes=\"auto, (max-width: 327px) 100vw, 327px\" \/><\/figure>\n\n\n\n<p class=\"has-text-align-center\" style=\"padding-top:0;padding-bottom:0;font-size:clamp(14px, 0.875rem + ((1vw - 3.2px) * 0.227), 16px);\">Simplicit\u00e9 et rapidit\u00e9 :<\/p>\n\n\n\n<p><\/p>\n\n\n\n<p class=\"has-text-align-center\" style=\"margin-top:0px;margin-bottom:1.77rem;font-size:clamp(14px, 0.875rem + ((1vw - 3.2px) * 0.227), 16px);line-height:1.5\">Inscription en quelques clics pour les participants, sans formulaire papier ni processus compliqu\u00e9s.<\/p>\n<\/div>\n\n\n\n<div class=\"wp-block-column has-global-padding is-layout-constrained wp-container-core-column-is-layout-c6e25a76 wp-block-column-is-layout-constrained\" style=\"border-right-color:#1e293b;border-right-width:1px;padding-right:1rem;padding-left:1rem\">\n<figure class=\"wp-block-image aligncenter size-full is-resized\"><img loading=\"lazy\" decoding=\"async\" width=\"216\" height=\"183\" src=\"https:\/\/inscriptions-tiel.com\/wp-content\/uploads\/2025\/08\/Adobe-Express-file-3.png\" alt=\"\" class=\"wp-image-131\" style=\"width:84px\"\/><\/figure>\n\n\n\n<p class=\"has-text-align-center\" style=\"font-size:clamp(14px, 0.875rem + ((1vw - 3.2px) * 0.227), 16px);\">Gain de temps et d\u2019argent :<\/p>\n\n\n\n<p style=\"font-size:clamp(14px, 0.875rem + ((1vw - 3.2px) * 0.227), 16px);\"><\/p>\n\n\n\n<p class=\"has-text-align-center\" style=\"margin-top:0px;margin-bottom:1.77rem;font-size:clamp(14px, 0.875rem + ((1vw - 3.2px) * 0.227), 16px);line-height:1.5\">Automatisation des t\u00e2ches pour les organisateurs, r\u00e9duisant le temps consacr\u00e9 \u00e0 la gestion des inscriptions.<\/p>\n<\/div>\n\n\n\n<div class=\"wp-block-column has-global-padding is-layout-constrained wp-container-core-column-is-layout-c6e25a76 wp-block-column-is-layout-constrained\" style=\"padding-right:1rem;padding-left:1rem\">\n<figure class=\"wp-block-image aligncenter size-full is-resized\"><img loading=\"lazy\" decoding=\"async\" width=\"512\" height=\"512\" src=\"https:\/\/inscriptions-tiel.com\/wp-content\/uploads\/2025\/08\/image-1.png\" alt=\"\" class=\"wp-image-132\" style=\"width:69px;height:auto\" srcset=\"https:\/\/inscriptions-tiel.com\/wp-content\/uploads\/2025\/08\/image-1.png 512w, https:\/\/inscriptions-tiel.com\/wp-content\/uploads\/2025\/08\/image-1-300x300.png 300w, https:\/\/inscriptions-tiel.com\/wp-content\/uploads\/2025\/08\/image-1-150x150.png 150w\" sizes=\"auto, (max-width: 512px) 100vw, 512px\" \/><\/figure>\n\n\n\n<p class=\"has-text-align-center\"><\/p>\n\n\n\n<p><\/p>\n\n\n\n<p class=\"has-text-align-center\" style=\"margin-top:0px;margin-bottom:1.77rem;font-size:clamp(14px, 0.875rem + ((1vw - 3.2px) * 0.227), 16px);line-height:1.5\">S\u00e9curit\u00e9 et fiabilit\u00e9 :<\/p>\n\n\n\n<p class=\"has-text-align-center\" style=\"margin-top:0px;margin-bottom:1.77rem;font-size:clamp(14px, 0.875rem + ((1vw - 3.2px) * 0.227), 16px);line-height:1.5\">Plateforme s\u00e9curis\u00e9e garantissant la confidentialit\u00e9 des donn\u00e9es des participants.<\/p>\n<\/div>\n<\/div>\n<\/div>\n<\/div><\/div>\n\n\n\n<div class=\"wp-block-group alignfull has-global-padding is-layout-constrained wp-container-core-group-is-layout-d888ae60 wp-block-group-is-layout-constrained\" style=\"margin-top:var(--wp--preset--spacing--50);margin-bottom:var(--wp--preset--spacing--50)\">\n<div class=\"wp-block-group alignwide has-global-padding is-layout-constrained wp-container-core-group-is-layout-0970061e wp-block-group-is-layout-constrained\" style=\"margin-top:0;margin-bottom:0;padding-top:0px;padding-right:0;padding-bottom:0px;padding-left:0\">\n<div class=\"wp-block-columns is-layout-flex wp-container-core-columns-is-layout-92515837 wp-block-columns-is-layout-flex\">\n<div class=\"wp-block-column is-layout-flow wp-block-column-is-layout-flow\">\n<figure class=\"wp-block-image alignleft size-full is-resized\"><img loading=\"lazy\" decoding=\"async\" width=\"852\" height=\"1278\" src=\"https:\/\/inscriptions-tiel.com\/wp-content\/uploads\/2025\/10\/pexels-pixabay-163407-edited.jpg\" alt=\"\" class=\"wp-image-250\" style=\"aspect-ratio:3\/4;object-fit:cover;width:536px;height:auto\" srcset=\"https:\/\/inscriptions-tiel.com\/wp-content\/uploads\/2025\/10\/pexels-pixabay-163407-edited.jpg 852w, https:\/\/inscriptions-tiel.com\/wp-content\/uploads\/2025\/10\/pexels-pixabay-163407-edited-200x300.jpg 200w, https:\/\/inscriptions-tiel.com\/wp-content\/uploads\/2025\/10\/pexels-pixabay-163407-edited-683x1024.jpg 683w, https:\/\/inscriptions-tiel.com\/wp-content\/uploads\/2025\/10\/pexels-pixabay-163407-edited-768x1152.jpg 768w\" sizes=\"auto, (max-width: 852px) 100vw, 852px\" \/><\/figure>\n<\/div>\n\n\n\n<div class=\"wp-block-column is-vertically-aligned-center has-global-padding is-content-justification-left is-layout-constrained wp-container-core-column-is-layout-12dd3699 wp-block-column-is-layout-constrained\">\n<h3 class=\"wp-block-heading has-text-align-center has-text-color has-suranna-font-family\" style=\"color:#0096d6;margin-top:0.5rem;margin-bottom:0rem;font-size:clamp(24.034px, 1.502rem + ((1vw - 3.2px) * 1.814), 40px);font-style:normal;font-weight:500;letter-spacing:0px;line-height:1.3\">Plus qu&rsquo;une simple plateforme d&rsquo;inscription<\/h3>\n\n\n\n<hr class=\"wp-block-separator has-alpha-channel-opacity\"\/>\n\n\n\n<p class=\"has-text-align-left has-text-color has-link-color has-pontano-sans-font-family wp-elements-b549cfa6c7f1a62c4ace6a6891f7ac66\" style=\"color:#000000;font-size:clamp(14px, 0.875rem + ((1vw - 3.2px) * 0.455), 18px);\">Support et accompagnement : Une \u00e9quipe d\u00e9di\u00e9e est \u00e0 votre disposition pour vous aider \u00e0 utiliser la plateforme et r\u00e9pondre \u00e0 vos questions le plus rapidement possible.<\/p>\n\n\n\n<p class=\"has-text-align-left has-text-color has-link-color has-pontano-sans-font-family wp-elements-dc69d98959d4a729874c65ab826a67bc\" style=\"color:#000000;font-size:clamp(14px, 0.875rem + ((1vw - 3.2px) * 0.455), 18px);\"> Innovation et d\u00e9veloppement : TIEL s\u2019engage \u00e0 continuellement am\u00e9liorer ses services et \u00e0 proposer de nouvelles fonctionnalit\u00e9s. <\/p>\n\n\n\n<p class=\"has-text-align-left has-text-color has-link-color has-pontano-sans-font-family wp-elements-c9612a27fb81e127efd45bbc06c5700a\" style=\"color:#000000;font-size:clamp(14px, 0.875rem + ((1vw - 3.2px) * 0.455), 18px);\">Partenariat avec la F\u00e9d\u00e9ration Fran\u00e7aise de Triathlon : TIEL est une plateforme lab\u00e9lis\u00e9e par la F\u00e9d\u00e9ration, garantissant sa fiabilit\u00e9 et son expertise.<\/p>\n\n\n\n<div class=\"wp-block-buttons is-horizontal is-content-justification-left is-layout-flex wp-container-core-buttons-is-layout-324fa30b wp-block-buttons-is-layout-flex\" style=\"margin-top:20px\">\n<div class=\"wp-block-button has-custom-width wp-block-button__width-50 is-style-fill\"><a class=\"wp-block-button__link has-text-color has-background has-pontano-sans-font-family has-custom-font-size wp-element-button\" href=\"https:\/\/drive.google.com\/drive\/folders\/1tZd0lFttch3I4hGoB7_ISF8_dc0bYvNH?usp=sharing\" style=\"border-style:none;border-width:0px;border-radius:0rem;color:#fffffd;background-color:#0096d6;padding-top:0.71rem;padding-right:0.31rem;padding-bottom:0.71rem;padding-left:0.31rem;font-size:clamp(0.875rem, 0.875rem + ((1vw - 0.2rem) * 0.245), 1.01rem);font-style:normal;font-weight:600;letter-spacing:1px;line-height:1.5;text-transform:uppercase\" target=\"_blank\" rel=\"noreferrer noopener\">GUIDES\/ BROCHURE TIEL<\/a><\/div>\n<\/div>\n<\/div>\n<\/div>\n<\/div>\n<\/div>\n\n\n\n<div class=\"wp-block-cover alignfull is-light\" style=\"margin-top:0;margin-bottom:0;padding-top:0px;padding-bottom:80px;min-height:300px;aspect-ratio:unset;\"><img decoding=\"async\" class=\"wp-block-cover__image-background\" src=\"blob:https:\/\/inscriptions-tiel.com\/bea98783-9ec5-4e1d-829e-cad541449581\" data-object-fit=\"cover\"\/><span aria-hidden=\"true\" class=\"wp-block-cover__background has-background-dim-60 has-background-dim\" style=\"background-color:#ffd52f\"><\/span><div class=\"wp-block-cover__inner-container has-global-padding is-layout-constrained wp-container-core-cover-is-layout-d4c6b484 wp-block-cover-is-layout-constrained\">\n<p class=\"has-text-align-center has-large-font-size\"><strong>Ils nous font confiance :<\/strong> <\/p>\n\n\n\n<div class=\"wp-block-columns is-layout-flex wp-container-core-columns-is-layout-28f84493 wp-block-columns-is-layout-flex\">\n<div class=\"wp-block-column is-layout-flow wp-block-column-is-layout-flow\">\n<figure class=\"wp-block-image size-full\"><img loading=\"lazy\" decoding=\"async\" width=\"853\" height=\"282\" src=\"https:\/\/inscriptions-tiel.com\/wp-content\/uploads\/2025\/10\/Label_Inscriptions_2026-removebg-preview.png\" alt=\"\" class=\"wp-image-308\" srcset=\"https:\/\/inscriptions-tiel.com\/wp-content\/uploads\/2025\/10\/Label_Inscriptions_2026-removebg-preview.png 853w, https:\/\/inscriptions-tiel.com\/wp-content\/uploads\/2025\/10\/Label_Inscriptions_2026-removebg-preview-300x99.png 300w, https:\/\/inscriptions-tiel.com\/wp-content\/uploads\/2025\/10\/Label_Inscriptions_2026-removebg-preview-768x254.png 768w\" sizes=\"auto, (max-width: 853px) 100vw, 853px\" \/><\/figure>\n<\/div>\n\n\n\n<div class=\"wp-block-column is-layout-flow wp-block-column-is-layout-flow\">\n<figure class=\"wp-block-image aligncenter size-thumbnail is-resized wp-duotone-midnight\"><img loading=\"lazy\" decoding=\"async\" width=\"150\" height=\"150\" src=\"https:\/\/inscriptions-tiel.com\/wp-content\/uploads\/2025\/10\/Capture_d_ecran_2025-10-20_134102-removebg-preview-1-150x150.png\" alt=\"\" class=\"wp-image-307\" style=\"width:227px;height:auto\"\/><\/figure>\n\n\n\n<p class=\"has-text-align-center\"><\/p>\n<\/div>\n<\/div>\n<\/div><\/div>\n\n\n\n<p><\/p>\n","protected":false},"excerpt":{"rendered":"<p>Pr\u00e9sentation de TIEL TIEL est la plateforme d\u2019inscription en ligne propos\u00e9e et g\u00e9r\u00e9e par Triathlon \u00c9v\u00e8nements (TEVE), soci\u00e9t\u00e9 commerciale partenaire de la F\u00e9d\u00e9ration Fran\u00e7aise de Triathlon. Le syst\u00e8me TIEL a [&hellip;]<\/p>\n","protected":false},"author":2,"featured_media":0,"parent":0,"menu_order":0,"comment_status":"closed","ping_status":"closed","template":"","meta":{"_EventAllDay":false,"_EventTimezone":"","_EventStartDate":"","_EventEndDate":"","_EventStartDateUTC":"","_EventEndDateUTC":"","_EventShowMap":false,"_EventShowMapLink":false,"_EventURL":"","_EventCost":"","_EventCostDescription":"","_EventCurrencySymbol":"","_EventCurrencyCode":"","_EventCurrencyPosition":"","_EventDateTimeSeparator":"","_EventTimeRangeSeparator":"","_EventOrganizerID":[],"_EventVenueID":[],"_OrganizerEmail":"","_OrganizerPhone":"","_OrganizerWebsite":"","_VenueAddress":"","_VenueCity":"","_VenueCountry":"","_VenueProvince":"","_VenueState":"","_VenueZip":"","_VenuePhone":"","_VenueURL":"","_VenueStateProvince":"","_VenueLat":"","_VenueLng":"","_VenueShowMap":false,"_VenueShowMapLink":false,"footnotes":""},"class_list":["post-20","page","type-page","status-publish","hentry"],"_links":{"self":[{"href":"https:\/\/inscriptions-tiel.com\/index.php\/wp-json\/wp\/v2\/pages\/20","targetHints":{"allow":["GET"]}}],"collection":[{"href":"https:\/\/inscriptions-tiel.com\/index.php\/wp-json\/wp\/v2\/pages"}],"about":[{"href":"https:\/\/inscriptions-tiel.com\/index.php\/wp-json\/wp\/v2\/types\/page"}],"author":[{"embeddable":true,"href":"https:\/\/inscriptions-tiel.com\/index.php\/wp-json\/wp\/v2\/users\/2"}],"replies":[{"embeddable":true,"href":"https:\/\/inscriptions-tiel.com\/index.php\/wp-json\/wp\/v2\/comments?post=20"}],"version-history":[{"count":45,"href":"https:\/\/inscriptions-tiel.com\/index.php\/wp-json\/wp\/v2\/pages\/20\/revisions"}],"predecessor-version":[{"id":311,"href":"https:\/\/inscriptions-tiel.com\/index.php\/wp-json\/wp\/v2\/pages\/20\/revisions\/311"}],"wp:attachment":[{"href":"https:\/\/inscriptions-tiel.com\/index.php\/wp-json\/wp\/v2\/media?parent=20"}],"curies":[{"name":"wp","href":"https:\/\/api.w.org\/{rel}","templated":true}]}}