{"id":3,"date":"2025-01-24T17:14:39","date_gmt":"2025-01-24T16:14:39","guid":{"rendered":"http:\/\/inscriptions-tiel.com\/?page_id=3"},"modified":"2025-11-07T15:51:47","modified_gmt":"2025-11-07T14:51:47","slug":"politique-de-confidentialite","status":"publish","type":"page","link":"https:\/\/inscriptions-tiel.com\/index.php\/politique-de-confidentialite\/","title":{"rendered":"Politique de confidentialit\u00e9"},"content":{"rendered":"\n<p><strong>Site :<\/strong> <a href=\"https:\/\/inscriptions-tiel.com\">https:\/\/inscriptions-tiel.com<\/a><\/p>\n\n\n\n<hr class=\"wp-block-separator has-alpha-channel-opacity\"\/>\n\n\n\n<h3 class=\"wp-block-heading\">1. Objet de la politique de confidentialit\u00e9<\/h3>\n\n\n\n<p>La pr\u00e9sente politique de confidentialit\u00e9 a pour but d\u2019informer les utilisateurs du site <strong>inscriptions-tiel.com<\/strong> de la mani\u00e8re dont leurs <strong>donn\u00e9es personnelles<\/strong> peuvent \u00eatre collect\u00e9es et trait\u00e9es.<br>Le site est un <strong>site vitrine<\/strong> destin\u00e9 \u00e0 pr\u00e9senter une plateforme d\u2019inscription pour des \u00e9v\u00e9nements sportifs.<br>Il ne collecte aucune donn\u00e9e \u00e0 des fins commerciales, de profilage ou de suivi statistique.<\/p>\n\n\n\n<hr class=\"wp-block-separator has-alpha-channel-opacity\"\/>\n\n\n\n<h3 class=\"wp-block-heading\">2. Responsable du traitement<\/h3>\n\n\n\n<p>Le <strong>responsable du traitement<\/strong> des donn\u00e9es est :<br><strong>TRIATHLON EVENEMENTS<\/strong><br>support@triathlon-evenements.com<br>2 Rue de la Justice, 93213 SAINT-DENIS LA PLAINE CEDEX<\/p>\n\n\n\n<p>Ce responsable d\u00e9termine les finalit\u00e9s et les moyens du traitement des donn\u00e9es personnelles collect\u00e9es sur le site.<\/p>\n\n\n\n<hr class=\"wp-block-separator has-alpha-channel-opacity\"\/>\n\n\n\n<h3 class=\"wp-block-heading\">3. Donn\u00e9es collect\u00e9es<\/h3>\n\n\n\n<p>Le site ne collecte <strong>aucune donn\u00e9e personnelle automatiquement<\/strong> (pas de cookies, pas d\u2019outils d\u2019analyse type Google Analytics).<\/p>\n\n\n\n<p>Les seules donn\u00e9es susceptibles d\u2019\u00eatre collect\u00e9es sont celles transmises <strong>volontairement via le formulaire de contact<\/strong>, \u00e0 savoir :<\/p>\n\n\n\n<ul class=\"wp-block-list\">\n<li>Nom et pr\u00e9nom<\/li>\n\n\n\n<li>Adresse e-mail<\/li>\n\n\n\n<li>Contenu du message<\/li>\n<\/ul>\n\n\n\n<p>Ces donn\u00e9es sont n\u00e9cessaires pour permettre \u00e0 l\u2019\u00e9quipe du site de <strong>r\u00e9pondre \u00e0 votre demande de contact<\/strong>.<\/p>\n\n\n\n<hr class=\"wp-block-separator has-alpha-channel-opacity\"\/>\n\n\n\n<h3 class=\"wp-block-heading\">4. Finalit\u00e9 du traitement<\/h3>\n\n\n\n<p>Les informations recueillies via le formulaire de contact sont utilis\u00e9es <strong>exclusivement pour r\u00e9pondre aux messages envoy\u00e9s par les utilisateurs<\/strong>.<br>Elles ne sont <strong>ni revendues, ni transf\u00e9r\u00e9es, ni utilis\u00e9es \u00e0 des fins commerciales<\/strong>.<\/p>\n\n\n\n<hr class=\"wp-block-separator has-alpha-channel-opacity\"\/>\n\n\n\n<h3 class=\"wp-block-heading\">5. Base l\u00e9gale du traitement<\/h3>\n\n\n\n<p>Le traitement de ces donn\u00e9es repose sur la <strong>base l\u00e9gale de l\u2019int\u00e9r\u00eat l\u00e9gitime<\/strong> (article 6.1.f du RGPD) \u2014 la possibilit\u00e9 pour l\u2019\u00e9diteur du site de r\u00e9pondre aux messages entrants.<\/p>\n\n\n\n<hr class=\"wp-block-separator has-alpha-channel-opacity\"\/>\n\n\n\n<h3 class=\"wp-block-heading\">6. Destinataires des donn\u00e9es<\/h3>\n\n\n\n<p>Les donn\u00e9es ne sont <strong>communiqu\u00e9es \u00e0 aucun tiers<\/strong>.<br>Elles sont consult\u00e9es uniquement par les personnes habilit\u00e9es \u00e0 traiter les demandes re\u00e7ues via le formulaire de contact.<\/p>\n\n\n\n<hr class=\"wp-block-separator has-alpha-channel-opacity\"\/>\n\n\n\n<h3 class=\"wp-block-heading\">7. Dur\u00e9e de conservation des donn\u00e9es<\/h3>\n\n\n\n<p>Les messages re\u00e7us via le formulaire de contact sont conserv\u00e9s <strong>le temps n\u00e9cessaire au traitement de la demande<\/strong>, puis supprim\u00e9s au plus tard <strong>12 mois<\/strong> apr\u00e8s la derni\u00e8re interaction.<\/p>\n\n\n\n<hr class=\"wp-block-separator has-alpha-channel-opacity\"\/>\n\n\n\n<h3 class=\"wp-block-heading\">8. Droits des utilisateurs<\/h3>\n\n\n\n<p>Conform\u00e9ment au <strong>R\u00e8glement G\u00e9n\u00e9ral sur la Protection des Donn\u00e9es (RGPD)<\/strong> et \u00e0 la <strong>loi Informatique et Libert\u00e9s<\/strong>, vous disposez des droits suivants :<\/p>\n\n\n\n<ul class=\"wp-block-list\">\n<li>Droit d\u2019acc\u00e8s : obtenir la confirmation que vos donn\u00e9es sont ou ne sont pas trait\u00e9es.<\/li>\n\n\n\n<li>Droit de rectification : corriger ou compl\u00e9ter vos donn\u00e9es.<\/li>\n\n\n\n<li>Droit \u00e0 l\u2019effacement : demander la suppression de vos donn\u00e9es personnelles.<\/li>\n\n\n\n<li>Droit \u00e0 la limitation du traitement : restreindre temporairement le traitement de vos donn\u00e9es.<\/li>\n\n\n\n<li>Droit d\u2019opposition : vous opposer au traitement de vos donn\u00e9es pour des raisons l\u00e9gitimes.<\/li>\n<\/ul>\n\n\n\n<p>Pour exercer ces droits, vous pouvez contacter :<br>\ud83d\udce7 <strong>support@triathlon-evenements.com<\/strong><\/p>\n\n\n\n<p>Aucune demande de suppression ou d\u2019acc\u00e8s ne peut \u00eatre trait\u00e9e sans v\u00e9rification de l\u2019identit\u00e9 du demandeur.<\/p>\n\n\n\n<hr class=\"wp-block-separator has-alpha-channel-opacity\"\/>\n\n\n\n<h3 class=\"wp-block-heading\">9. S\u00e9curit\u00e9 des donn\u00e9es<\/h3>\n\n\n\n<p>L\u2019\u00e9diteur met en \u0153uvre les mesures techniques et organisationnelles n\u00e9cessaires pour garantir la <strong>confidentialit\u00e9 et la s\u00e9curit\u00e9<\/strong> des donn\u00e9es collect\u00e9es, et \u00e9viter toute perte, destruction, alt\u00e9ration ou acc\u00e8s non autoris\u00e9.<\/p>\n\n\n\n<hr class=\"wp-block-separator has-alpha-channel-opacity\"\/>\n\n\n\n<h3 class=\"wp-block-heading\">10. Absence de cookies et de tra\u00e7age<\/h3>\n\n\n\n<p>Le site <strong>n\u2019utilise pas de cookies, traceurs ou outils de mesure d\u2019audience<\/strong>.<br>Aucune donn\u00e9e de navigation, d\u2019adresse IP ou de comportement n\u2019est collect\u00e9e.<\/p>\n\n\n\n<hr class=\"wp-block-separator has-alpha-channel-opacity\"\/>\n\n\n\n<h3 class=\"wp-block-heading\">11. Liens externes<\/h3>\n\n\n\n<p>Le site contient des <strong>liens vers la plateforme d\u2019inscription et d\u2019autres sites partenaires<\/strong>.<br>L\u2019\u00e9diteur n\u2019est pas responsable des pratiques de confidentialit\u00e9 de ces sites tiers.<br>Les utilisateurs sont invit\u00e9s \u00e0 consulter les <strong>politiques de confidentialit\u00e9 propres<\/strong> \u00e0 chaque site externe.<\/p>\n\n\n\n<hr class=\"wp-block-separator has-alpha-channel-opacity\"\/>\n\n\n\n<h3 class=\"wp-block-heading\">12. \u00c9volution de la politique de confidentialit\u00e9<\/h3>\n\n\n\n<p>L\u2019\u00e9diteur se r\u00e9serve le droit de modifier la pr\u00e9sente politique \u00e0 tout moment pour l\u2019adapter \u00e0 l\u2019\u00e9volution du site ou aux exigences l\u00e9gales.<br>Les utilisateurs sont invit\u00e9s \u00e0 consulter r\u00e9guli\u00e8rement cette page.<\/p>\n\n\n\n<hr class=\"wp-block-separator has-alpha-channel-opacity\"\/>\n\n\n\n<h3 class=\"wp-block-heading\">13. Contact<\/h3>\n\n\n\n<p>Pour toute question concernant cette politique de confidentialit\u00e9 ou l\u2019exercice de vos droits :<br>\ud83d\udce7 <strong>support@triathlon-evenements.com<\/strong><\/p>\n\n\n\n<hr class=\"wp-block-separator has-alpha-channel-opacity\"\/>\n\n\n\n<p><strong>Derni\u00e8re mise \u00e0 jour :<\/strong> 31\/10\/2025<\/p>\n\n\n\n<p><\/p>\n","protected":false},"excerpt":{"rendered":"<p>Site : https:\/\/inscriptions-tiel.com 1. Objet de la politique de confidentialit\u00e9 La pr\u00e9sente politique de confidentialit\u00e9 a pour but d\u2019informer les utilisateurs du site inscriptions-tiel.com de la mani\u00e8re dont leurs donn\u00e9es [&hellip;]<\/p>\n","protected":false},"author":1,"featured_media":0,"parent":0,"menu_order":0,"comment_status":"closed","ping_status":"open","template":"","meta":{"_EventAllDay":false,"_EventTimezone":"","_EventStartDate":"","_EventEndDate":"","_EventStartDateUTC":"","_EventEndDateUTC":"","_EventShowMap":false,"_EventShowMapLink":false,"_EventURL":"","_EventCost":"","_EventCostDescription":"","_EventCurrencySymbol":"","_EventCurrencyCode":"","_EventCurrencyPosition":"","_EventDateTimeSeparator":"","_EventTimeRangeSeparator":"","_EventOrganizerID":[],"_EventVenueID":[],"_OrganizerEmail":"","_OrganizerPhone":"","_OrganizerWebsite":"","_VenueAddress":"","_VenueCity":"","_VenueCountry":"","_VenueProvince":"","_VenueState":"","_VenueZip":"","_VenuePhone":"","_VenueURL":"","_VenueStateProvince":"","_VenueLat":"","_VenueLng":"","_VenueShowMap":false,"_VenueShowMapLink":false,"footnotes":""},"class_list":["post-3","page","type-page","status-publish","hentry"],"_links":{"self":[{"href":"https:\/\/inscriptions-tiel.com\/index.php\/wp-json\/wp\/v2\/pages\/3","targetHints":{"allow":["GET"]}}],"collection":[{"href":"https:\/\/inscriptions-tiel.com\/index.php\/wp-json\/wp\/v2\/pages"}],"about":[{"href":"https:\/\/inscriptions-tiel.com\/index.php\/wp-json\/wp\/v2\/types\/page"}],"author":[{"embeddable":true,"href":"https:\/\/inscriptions-tiel.com\/index.php\/wp-json\/wp\/v2\/users\/1"}],"replies":[{"embeddable":true,"href":"https:\/\/inscriptions-tiel.com\/index.php\/wp-json\/wp\/v2\/comments?post=3"}],"version-history":[{"count":2,"href":"https:\/\/inscriptions-tiel.com\/index.php\/wp-json\/wp\/v2\/pages\/3\/revisions"}],"predecessor-version":[{"id":390,"href":"https:\/\/inscriptions-tiel.com\/index.php\/wp-json\/wp\/v2\/pages\/3\/revisions\/390"}],"wp:attachment":[{"href":"https:\/\/inscriptions-tiel.com\/index.php\/wp-json\/wp\/v2\/media?parent=3"}],"curies":[{"name":"wp","href":"https:\/\/api.w.org\/{rel}","templated":true}]}}